{"id":1050,"date":"2021-12-07T17:34:59","date_gmt":"2021-12-07T16:34:59","guid":{"rendered":"https:\/\/bildbearbeitung-tutorials.ml\/?page_id=1050"},"modified":"2022-06-09T10:14:08","modified_gmt":"2022-06-09T08:14:08","slug":"impressum","status":"publish","type":"page","link":"https:\/\/kunst-tutorials.kmst.tu-dortmund.de\/?page_id=1050","title":{"rendered":"Impressum"},"content":{"rendered":"\n<p>Technische Universit\u00e4t Dortmund<br>August-Schmidt-Stra\u00dfe 4<br>44227 Dortmund<\/p>\n\n\n\n<p>Telefon: 0231\/755-1<\/p>\n\n\n\n<p>Die Technische&nbsp;Uni\u00adver\u00adsi\u00adt\u00e4t&nbsp;(TU)&nbsp;Dort\u00admund&nbsp;ist gem. \u00a7 2 Abs. 1 Satz 1 i.V.m. \u00a7 1 Abs. 2 Satz 1 Nr. 5 des Gesetzes \u00fcber die&nbsp;Hoch\u00adschu\u00adlen&nbsp;des&nbsp;Lan\u00addes&nbsp;Nordrhein-Westfalen (HG NRW) eine vom Land Nordrhein-Westfalen getragene, rechtsf\u00e4hige K\u00f6rperschaft des&nbsp;\u00f6f\u00adfent\u00adlichen&nbsp;Rechts. Sie wird vertreten durch den Rektor Prof. Dr. Manfred Bayer.<\/p>\n\n\n\n<p>Umsatzsteuer-Identifikationsnummer gem. \u00a7 27a Umsatzsteuergesetz (UStG): DE 811 258 273<\/p>\n\n\n\n<p>Angabe zur Rechtsaufsicht: <br>Die TU Dortmund nimmt ihre Aufgaben gem. \u00a7 76 Abs. 1 Satz 1 HG NRW unter der Rechtsaufsicht des Ministeriums f\u00fcr Kultur und Wissenschaft des Landes Nordrhein-Westfalen, V\u00f6lklinger Stra\u00dfe 49, 40221 D\u00fcsseldorf wahr.<\/p>\n\n\n\n<p><strong>Kontakt:<\/strong><br>E-Mail:&nbsp;<a href=\"mailto:malin.emming@outlook.de\">timo.klos@tu-dortmund.de<\/a><\/p>\n\n\n\n<p><strong>Redaktionell verantwortlich gem\u00e4\u00df \u00a7 18 Abs. 2 des Medienstaatsvertrages (MStV):<\/strong><br>Timo Klos<br>Fakult\u00e4t 16 Kunst und Kulturwissenschaft<br>Technische Universit\u00e4t Dortmund<br>Emil-Figge-Str. 50<br>44227 Dortmund<br>Tel.: +49 231 755 3398<\/p>\n\n\n\n<p><strong>Konzeption, Gestaltung, Umsetzung und Support:<\/strong><br>Malin Emming<br>Stockumer Str. 179<br>44225 Dortmund<\/p>\n","protected":false},"excerpt":{"rendered":"<p>Technische Universit\u00e4t DortmundAugust-Schmidt-Stra\u00dfe 444227 Dortmund Telefon: 0231\/755-1 Die Technische&nbsp;Uni\u00adver\u00adsi\u00adt\u00e4t&nbsp;(TU)&nbsp;Dort\u00admund&nbsp;ist gem. \u00a7 2 Abs. 1 Satz 1 i.V.m. \u00a7 1 Abs. 2 Satz 1 Nr. 5 des Gesetzes \u00fcber die&nbsp;Hoch\u00adschu\u00adlen&nbsp;des&nbsp;Lan\u00addes&nbsp;Nordrhein-Westfalen (HG NRW) eine vom Land Nordrhein-Westfalen getragene, rechtsf\u00e4hige K\u00f6rperschaft des&nbsp;\u00f6f\u00adfent\u00adlichen&nbsp;Rechts. Sie wird vertreten durch den Rektor Prof. Dr. Manfred Bayer. Umsatzsteuer-Identifikationsnummer gem. \u00a7 27a Umsatzsteuergesetz (UStG):&hellip;&nbsp;<a href=\"https:\/\/kunst-tutorials.kmst.tu-dortmund.de\/?page_id=1050\" class=\"\" rel=\"bookmark\">Weiterlesen &raquo;<span class=\"screen-reader-text\">Impressum<\/span><\/a><\/p>\n","protected":false},"author":1,"featured_media":0,"parent":0,"menu_order":5,"comment_status":"closed","ping_status":"closed","template":"","meta":{"neve_meta_sidebar":"full-width","neve_meta_container":"","neve_meta_enable_content_width":"on","neve_meta_content_width":100,"neve_meta_title_alignment":"","neve_meta_author_avatar":"","neve_post_elements_order":"","neve_meta_disable_header":"","neve_meta_disable_footer":"","neve_meta_disable_title":"","_themeisle_gutenberg_block_has_review":false,"_ti_tpc_template_sync":false,"_ti_tpc_template_id":""},"_links":{"self":[{"href":"https:\/\/kunst-tutorials.kmst.tu-dortmund.de\/index.php?rest_route=\/wp\/v2\/pages\/1050"}],"collection":[{"href":"https:\/\/kunst-tutorials.kmst.tu-dortmund.de\/index.php?rest_route=\/wp\/v2\/pages"}],"about":[{"href":"https:\/\/kunst-tutorials.kmst.tu-dortmund.de\/index.php?rest_route=\/wp\/v2\/types\/page"}],"author":[{"embeddable":true,"href":"https:\/\/kunst-tutorials.kmst.tu-dortmund.de\/index.php?rest_route=\/wp\/v2\/users\/1"}],"replies":[{"embeddable":true,"href":"https:\/\/kunst-tutorials.kmst.tu-dortmund.de\/index.php?rest_route=%2Fwp%2Fv2%2Fcomments&post=1050"}],"version-history":[{"count":10,"href":"https:\/\/kunst-tutorials.kmst.tu-dortmund.de\/index.php?rest_route=\/wp\/v2\/pages\/1050\/revisions"}],"predecessor-version":[{"id":1948,"href":"https:\/\/kunst-tutorials.kmst.tu-dortmund.de\/index.php?rest_route=\/wp\/v2\/pages\/1050\/revisions\/1948"}],"wp:attachment":[{"href":"https:\/\/kunst-tutorials.kmst.tu-dortmund.de\/index.php?rest_route=%2Fwp%2Fv2%2Fmedia&parent=1050"}],"curies":[{"name":"wp","href":"https:\/\/api.w.org\/{rel}","templated":true}]}}