{"id":3,"date":"2021-03-04T14:39:51","date_gmt":"2021-03-04T13:39:51","guid":{"rendered":"https:\/\/bildbearbeitung-tutorials.ml\/?page_id=3"},"modified":"2022-06-07T17:31:32","modified_gmt":"2022-06-07T15:31:32","slug":"datenschutzerklaerung","status":"publish","type":"page","link":"https:\/\/kunst-tutorials.kmst.tu-dortmund.de\/?page_id=3","title":{"rendered":"Datenschutzerkl\u00e4rung"},"content":{"rendered":"\n<p><strong>Allgemeine Vorbemerkungen<\/strong><\/p>\n\n\n\n<p>Die TU&nbsp;Dort\u00admund&nbsp;und ihr IT und&nbsp;Me\u00addi\u00aden&nbsp;Centrum (ITMC) der Technischen&nbsp;Uni\u00adver\u00adsi\u00adt\u00e4t&nbsp;Dort\u00admund&nbsp;nehmen den Schutz von personenbezogenen Daten sehr ernst. Wir&nbsp;ver\u00adar\u00adbei\u00adten&nbsp;personenbezogene Daten, die beim Besuch unserer&nbsp;Web\u00adseiten&nbsp;erhoben&nbsp;wer\u00adden, unter Beachtung der geltenden&nbsp;daten\u00adschutz\u00adrecht\u00adlichen&nbsp;Bestimmungen. Es gelten&nbsp;ins\u00adbe\u00adson\u00adde\u00adre&nbsp;das Datenschutzgesetz NRW (DSG NRW), die Datenschutzgrundverordnung (DSGVO) und das Telemediengesetz.<\/p>\n\n\n\n<p><strong>Kon\u00adtakt\u00adda\u00adten&nbsp;des Datenschutzbeauftragten<\/strong><\/p>\n\n\n\n<p>Der Datenschutzbeauftragte des Verantwortlichen ist erreichbar unter:<br><a href=\"mailto:datenschutzbeauftragter@tu-dortmund.de\">datenschutzbeauftragtertu-dortmund.de<\/a><\/p>\n\n\n\n<p>TU&nbsp;Dort\u00admund<br>Datenschutzbeauftragter<br>Au\u00adgust-Schmidt-Str. 4<br>44227&nbsp;Dort\u00admund<br>Telefon: 0231 755-2593<br><a href=\"mailto:ralf.offele@tu-dortmund.de\">E-Mail senden<\/a><\/p>\n\n\n\n<p><strong>I Umfang der Verarbeitung personenbezogener Daten<\/strong><\/p>\n\n\n\n<p>Wir&nbsp;ver\u00adar\u00adbei\u00adten&nbsp;personenbezogene Daten unserer Nutzer&nbsp;grund\u00ads\u00e4tz\u00adlich&nbsp;nur, soweit dies zur&nbsp;Be\u00adreit\u00adstel\u00adlung&nbsp;einer funktionsf\u00e4higen Website&nbsp;so\u00adwie&nbsp;unserer Inhalte und&nbsp;Leis\u00adtun\u00adgen&nbsp;er\u00adfor\u00adder\u00adlich&nbsp;ist. Die Verarbeitung personenbezogener Daten unserer Nutzer erfolgt regelm\u00e4\u00dfig nur nach Einwilligung des Nutzers. Eine Ausnahme gilt in solchen F\u00e4llen, in denen eine vorherige Einholung einer Einwilligung aus tats\u00e4chlichen Gr\u00fcnden nicht&nbsp;m\u00f6g\u00adlich&nbsp;ist und die Verarbeitung der Daten durch gesetzliche Vorschriften gestattet ist.<\/p>\n\n\n\n<p><strong>II Datenl\u00f6schung und Speicherdauer<\/strong><\/p>\n\n\n\n<p>Die personenbezogenen Daten der betroffenen Person&nbsp;wer\u00adden&nbsp;gel\u00f6scht oder gesperrt, sobald der Zweck der Speicherung entf\u00e4llt. Eine Speicherung kann&nbsp;da\u00adr\u00fc\u00adber&nbsp;hinaus&nbsp;er\u00adfol\u00adgen, wenn dies durch den&nbsp;eu\u00adro\u00adp\u00e4\u00adisch\u00aden&nbsp;oder nationalen Gesetzgeber in unionsrechtlichen Verordnungen, Gesetzen oder&nbsp;sons\u00adti\u00adgen&nbsp;Vorschriften, denen der&nbsp;Ver\u00adant\u00adwort\u00adli\u00adche&nbsp;unterliegt,&nbsp;vor\u00adge\u00adsehen&nbsp;wurde. Eine Sperrung oder L\u00f6schung der Daten erfolgt auch dann, wenn eine durch die genannten Normen vorgeschriebene Speicherfrist abl\u00e4uft, es sei denn, dass eine Erforderlichkeit zur&nbsp;wei\u00adte\u00adren&nbsp;Speicherung der Daten f\u00fcr einen Vertragsabschluss oder eine Vertragserf\u00fcllung besteht.<\/p>\n\n\n\n<p><strong>III&nbsp;Be\u00adreit\u00adstel\u00adlung&nbsp;der Website und&nbsp;Er\u00adstel\u00adlung&nbsp;von Logfiles<\/strong><\/p>\n\n\n\n<p><strong>1. Beschreibung und Umfang der&nbsp;Da\u00adten\u00adver\u00adar\u00adbei\u00adtung<\/strong><\/p>\n\n\n\n<p>Bei jedem Aufruf unserer Internetseite erfasst unser System&nbsp;au\u00adto\u00adma\u00adti\u00adsiert&nbsp;Daten und&nbsp;In\u00adfor\u00adma\u00adti\u00adonen&nbsp;vom Computersystem des aufrufenden Rechners.<\/p>\n\n\n\n<p>Folgende Daten&nbsp;wer\u00adden&nbsp;hierbei erhoben:<\/p>\n\n\n\n<ul><li>In\u00adfor\u00adma\u00adti\u00adonen&nbsp;\u00fcber den Browsertyp und die verwendete Version<\/li><li>Betriebssystem des Nutzers<\/li><li>IP-Adresse des Nutzers<\/li><li>Datum und Uhrzeit des Zugriffs<\/li><\/ul>\n\n\n\n<p>Die Daten&nbsp;wer\u00adden&nbsp;eben\u00adfalls&nbsp;in den Logfiles unseres&nbsp;Sys\u00adtems&nbsp;ge\u00adspei\u00adchert. Eine Speicherung dieser Daten&nbsp;zu\u00adsam\u00admen&nbsp;mit anderen personenbezogenen Daten des Nutzers findet nicht statt.<\/p>\n\n\n\n<p><strong>2. Zweck und Rechtsgrundlage f\u00fcr die&nbsp;Da\u00adten\u00adver\u00adar\u00adbei\u00adtung<\/strong><\/p>\n\n\n\n<p>Die vor\u00fcbergehende Speicherung der IP-Adresse durch das System ist&nbsp;not\u00adwen\u00addig, um eine Auslieferung der Website an den Rechner des Nutzers zu&nbsp;er\u00adm\u00f6g\u00adli\u00adchen. Hierf\u00fcr muss die IP-Adresse des Nutzers f\u00fcr die Dauer der Sitzung&nbsp;ge\u00adspei\u00adchert&nbsp;bleiben. (Erforderlichkeit zur&nbsp;Er\u00adf\u00fcl\u00adlung&nbsp;der Aufgabe der&nbsp;Hoch\u00adschu\u00adle&nbsp;Art. 6 Abs. 1 lit. e DSGVO)<\/p>\n\n\n\n<p>Die Speicherung in Logfiles erfolgt, um die Funktionsf\u00e4higkeit der Website sicherzustellen.&nbsp;Zu\u00addem&nbsp;dienen uns die Daten zur&nbsp;Op\u00adti\u00admie\u00adrung&nbsp;der Website und zur Sicherstellung der&nbsp;Si\u00adcher\u00adheit&nbsp;unserer informationstechnischen&nbsp;Sys\u00adte\u00adme. Eine Auswertung der Daten zu Marketingzwecken findet in diesem&nbsp;Zu\u00adsam\u00admen\u00adhang&nbsp;nicht statt. &nbsp;(Erforderlichkeit zur&nbsp;Er\u00adf\u00fcl\u00adlung&nbsp;der Aufgabe der&nbsp;Hoch\u00adschu\u00adle&nbsp;Art. 6 Abs. 1 lit. e DSGVO)<\/p>\n\n\n\n<p><strong>3. Dauer der Speicherung<\/strong><\/p>\n\n\n\n<p>Die Verarbeitung findet&nbsp;w\u00e4h\u00adrend&nbsp;der Nutzung bis zum Ende der&nbsp;je\u00adwei\u00adligen&nbsp;Sitzung statt.<\/p>\n\n\n\n<p>Im Falle der Speicherung der Daten in Logfiles ist dies nach sp\u00e4testens 24 Stunden der Fall. Danach sind die IP-Adressen der Nutzer anonymisiert,&nbsp;so\u00addass&nbsp;eine Zuordnung des aufrufenden Clients nicht mehr&nbsp;m\u00f6g\u00adlich&nbsp;ist.<\/p>\n\n\n\n<p><strong>IV&nbsp;Webanalyse<\/strong><\/p>\n\n\n\n<p><strong>Umfang der Verarbeitung personenbezogener Daten<\/strong><\/p>\n\n\n\n<p>Die TU&nbsp;Dort\u00admund&nbsp;nutzt das Open-Source-Soft\u00adware-Tool Matomo (ehemals PIWIK), um&nbsp;ih\u00adre&nbsp;Web\u00adseiten&nbsp;durch Analyse des Surfverhaltens ihrer Nutzerinnen und Nutzer zu&nbsp;ver\u00adbes\u00adsern.<\/p>\n\n\n\n<p>Die&nbsp;Soft\u00adware&nbsp;ordnet die Online-Ak\u00adti\u00advi\u00adt\u00e4\u00adten&nbsp;per Digital Fingerprint einer&nbsp;ein\u00adzel\u00adnen&nbsp;Browser-Sitzung zu und l\u00f6scht diese nach 24 Stunden. Matomo setzt keine Cookies.<\/p>\n\n\n\n<p>Werden Einzelseiten unserer Website aufgerufen, so&nbsp;wer\u00adden&nbsp;folgende Daten&nbsp;ge\u00adspei\u00adchert:<\/p>\n\n\n\n<ol><li>Zwei Bytes der IP-Adresse des aufrufenden&nbsp;Sys\u00adtems&nbsp;der Nutzerin\/des Nutzers<\/li><li>Die aufgerufene&nbsp;Web\u00adsei\u00adte<\/li><li>Die Website, von der der Nutzer auf die aufgerufene&nbsp;Web\u00adsei\u00adte&nbsp;ge\u00adlan\u00adgt&nbsp;ist (Referrer)<\/li><li>Die Unterseiten, die von der aufgerufenen&nbsp;Web\u00adsei\u00adte&nbsp;aus aufgerufen&nbsp;wer\u00adden<\/li><li>Die Verweildauer auf der&nbsp;Web\u00adsei\u00adte<\/li><li>Welcher Browser mit welchen Plugins, welches Betriebssystem und&nbsp;wel\u00adche&nbsp;Bildschirmaufl\u00f6sung genutzt wird<\/li><\/ol>\n\n\n\n<p>Die&nbsp;Soft\u00adware&nbsp;l\u00e4uft dabei&nbsp;aus\u00adschlie\u00df\u00adlich&nbsp;auf den Servern der Website der TU&nbsp;Dort\u00admund. Eine Speicherung der personenbezogenen Daten der Nutzerinnen und Nutzer findet nur dort statt. Eine Weitergabe der Daten an Dritte erfolgt nicht.<\/p>\n\n\n\n<p><strong>Datenerfassung unterbinden<\/strong><\/p>\n\n\n\n<p>Die Aufzeichnung der Daten in der oben beschriebenen Weise&nbsp;k\u00f6n\u00adnen&nbsp;Sie folgenderma\u00dfen unterbinden:<\/p>\n\n\n\n<p>Sie&nbsp;k\u00f6n\u00adnen&nbsp;die Einstellung \u201eDo-not-Track\u201c in Ihrem Browser aktivieren. Unser Matomo-System ist so konfiguriert, dass es diese Einstellung respektiert.<\/p>\n\n\n\n<p><strong>V&nbsp;Ein\u00adsatz&nbsp;von YouTube-Videos<\/strong><\/p>\n\n\n\n<p>Wir bieten Nutzern auf unserer&nbsp;Web\u00adsei\u00adte&nbsp;die&nbsp;M\u00f6g\u00adlich\u00adkeit, ausgew\u00e4hlte Videos von YouTube direkt auf der Seite anzuschauen. Zum Schutz der Nutzerdaten wird erst durch Anklicken eines Links eine&nbsp;Ver\u00adbin\u00addung&nbsp;zu YouTube hergestellt und das Video&nbsp;ge\u00adstar\u00adtet. Erst dann&nbsp;wer\u00adden&nbsp;Daten an den Anbieter gesendet. Sofern Sie den Link nicht anklicken, findet keinerlei&nbsp;Aus\u00adtausch&nbsp;zwi\u00adschen&nbsp;dem Nutzer und YouTube statt.&nbsp;In\u00adfor\u00adma\u00adti\u00adonen&nbsp;\u00fcber die Erhebung und&nbsp;Ver\u00adwen\u00addung&nbsp;Ihrer Daten bei YouTube finden Sie hier:&nbsp;<a href=\"https:\/\/policies.google.com\/privacy?hl=de&amp;gl=de\" target=\"_blank\" rel=\"noreferrer noopener\">https:\/\/policies.google.com\/privacy?hl=de&amp;gl=de<\/a><\/p>\n\n\n\n<p><strong>VI Kontakt-\/Anregungsformulare und E-Mail-Kontakt<\/strong><\/p>\n\n\n\n<p><strong>1. Beschreibung und Umfang der&nbsp;Da\u00adten\u00adver\u00adar\u00adbei\u00adtung<\/strong><\/p>\n\n\n\n<p>In den Webauftritten der TU&nbsp;Dort\u00admund&nbsp;gibt es Kontakt-\/Anregungsformulare, die f\u00fcr die&nbsp;elek\u00adtro\u00adni\u00adsche&nbsp;Kontaktaufnahme genutzt&nbsp;wer\u00adden&nbsp;k\u00f6n\u00adnen. Nimmt ein Nutzer diese&nbsp;M\u00f6g\u00adlich\u00adkeit&nbsp;wahr, so&nbsp;wer\u00adden&nbsp;die in der Eingabemaske eingegeben Daten an uns \u00fcbermittelt und&nbsp;ge\u00adspei\u00adchert.<\/p>\n\n\n\n<p>Nach der Absendung des Formulars&nbsp;wer\u00adden&nbsp;zu\u00addem&nbsp;folgende Daten&nbsp;ge\u00adspei\u00adchert:<\/p>\n\n\n\n<ul><li>Datum und Uhrzeit<\/li><li>URL, von der aus das Kontaktformular abgesendet wurde<\/li><\/ul>\n\n\n\n<p>F\u00fcr die Verarbeitung der Daten wird im&nbsp;Rah\u00admen&nbsp;des Absendevorgangs eine Einwilligung eingeholt und auf diese Datenschutzerkl\u00e4rung verwiesen.<\/p>\n\n\n\n<p>Alternativ ist eine Kontaktaufnahme \u00fcber bereitgestellte E-Mail-Adressen&nbsp;m\u00f6g\u00adlich. In diesem Fall&nbsp;wer\u00adden&nbsp;die mit der E-Mail \u00fcbermittelten personenbezogenen Daten des Nutzers&nbsp;ge\u00adspei\u00adchert.<\/p>\n\n\n\n<p>Es erfolgt in diesem&nbsp;Zu\u00adsam\u00admen\u00adhang&nbsp;keine Weitergabe der Daten an Dritte. Die Daten&nbsp;wer\u00adden&nbsp;aus\u00adschlie\u00df\u00adlich&nbsp;f\u00fcr die Verarbeitung der Konversation&nbsp;ver\u00adwen\u00addet.<\/p>\n\n\n\n<p><strong>2. Zweck der&nbsp;Da\u00adten\u00adver\u00adar\u00adbei\u00adtung&nbsp;und Rechtsgrundlage<\/strong><\/p>\n\n\n\n<p>Die Verarbeitung der personenbezogenen Daten aus der Eingabemaske dient uns allein zur Bearbeitung der Kontaktaufnahme. Im Falle einer Kontaktaufnahme per E-Mail liegt hieran auch das erforderliche berechtigte&nbsp;In\u00adte\u00adres\u00adse\u00ad&nbsp;an der Verarbeitung der Daten.<\/p>\n\n\n\n<p>Rechtsgrundlage f\u00fcr die Verarbeitung der Daten ist bei Vorliegen einer Einwilligung des Nutzers Art. 6 Abs. 1 lit. a DSGVO. Rechtsgrundlage f\u00fcr die Verarbeitung der Daten, die im Zuge einer \u00dcbersendung einer E-Mail \u00fcbermittelt&nbsp;wer\u00adden, ist Art. 6 Abs. 1 lit. e DSGVO.<\/p>\n\n\n\n<p><strong>3. Dauer der Speicherung<\/strong><\/p>\n\n\n\n<p>Die Daten&nbsp;wer\u00adden&nbsp;gel\u00f6scht, sobald sie f\u00fcr die Erreichung des Zweckes ihrer Erhebung nicht mehr&nbsp;er\u00adfor\u00adder\u00adlich&nbsp;sind. F\u00fcr die personenbezogenen Daten aus der Eingabemaske des Kontaktformulars und diejenigen, die per E-Mail \u00fcbersandt&nbsp;wur\u00adden, ist dies dann der Fall, wenn die jeweilige Konversation mit dem Nutzer beendet ist. Beendet ist die Konversation dann, wenn sich aus den Umst\u00e4nden entnehmen l\u00e4sst, dass der betroffene Sachverhalt abschlie\u00dfend gekl\u00e4rt ist.<\/p>\n\n\n\n<p><strong>VII Rechte der betroffenen Person<\/strong><\/p>\n\n\n\n<p>Werden personenbezogene Daten von Ihnen verarbeitet, sind Sie betroffene Person i.S.d. DSGVO und es stehen Ihnen folgende Rechte&nbsp;ge\u00adgen\u00ad\u00fcber&nbsp;dem Verantwortlichen zu:<\/p>\n\n\n\n<p>Wenn sie&nbsp;ih\u00adre&nbsp;Rechte in Anspruch nehmen&nbsp;wol\u00adlen, wenden Sie sich bitte an den Datenschutzbeauftragten der TU&nbsp;Dort\u00admund.&nbsp;<br><br><strong>1. Auskunft (Art 15 DSGVO)<\/strong><\/p>\n\n\n\n<p>Sie haben das Recht auf Auskunft \u00fcber Sie betreffende personenbezogene Daten, die erhoben, verarbeitet oder ggf. an Dritte \u00fcbermittelt&nbsp;wer\u00adden.<\/p>\n\n\n\n<p><strong>2. Widerspruch (Art. 21 DSGVO)<\/strong><br>Sie haben das Recht gegen die Verarbeitung Ihrer personenbezogenen Daten Widerspruch einzulegen, soweit die Verarbeitung auf der&nbsp;Grund\u00adla\u00adge&nbsp;von Art. 6 (1) e oder f DSGVO erfolgt.<\/p>\n\n\n\n<p><strong>3. L\u00f6schung (Art 17 DSGVO)<\/strong><br>Insbesondere nach Ablauf der gesetzlich vorgeschriebenen Aufbewahrungsfristen haben Sie ein Recht auf L\u00f6schung Ihrer Daten.<\/p>\n\n\n\n<p><strong>4. Einschr\u00e4nkung der Verarbeitung (Art 18 DSGVO)<\/strong><\/p>\n\n\n\n<p>In&nbsp;be\u00adson\u00adde\u00adren&nbsp;F\u00e4llen haben Sie das Recht auf Einschr\u00e4nkung der Verarbeitung. Dies ist dann der Fall, wenn die&nbsp;Da\u00adten\u00adver\u00adar\u00adbei\u00adtung&nbsp;unrechtm\u00e4\u00dfig sein sollte, Sie die Richtigkeit der erhobenen Daten bestreiten oder ein Widerspruch gegen die Verarbeitung eingelegt haben. Ebenso&nbsp;k\u00f6n\u00adnen&nbsp;Sie eine Einschr\u00e4nkung der Verarbeitung verlangen, wenn die Daten&nbsp;auf\u00adgrund&nbsp;der Zweckerreichung einer L\u00f6schpflicht unterliegen, Sie sie jedoch zur Geltendmachung von rechtlichen Anspr\u00fcchen ben\u00f6tigen. Eine Einschr\u00e4nkung der Verarbeitung&nbsp;m\u00fcs\u00adsen&nbsp;Sie beantragen.<\/p>\n\n\n\n<p><strong>5. Berichtigung (Art 16 DSGVO)<\/strong><br>Sie haben das Recht auf Berichtigung unrichtiger personenbezogener Daten.<\/p>\n\n\n\n<p><strong>6. Recht auf Widerruf der&nbsp;daten\u00adschutz\u00adrecht\u00adlichen&nbsp;Einwilligungserkl\u00e4rung (Art 7 DSGVO)<\/strong><\/p>\n\n\n\n<p>Sie haben das Recht, Ihre datenschutzrechtliche Einwilligungserkl\u00e4rung jederzeit zu widerrufen. Durch den Widerruf der Einwilligung wird die Rechtm\u00e4\u00dfigkeit der&nbsp;auf\u00adgrund&nbsp;der Einwilligung bis zum Widerruf erfolgten Verarbeitung nicht ber\u00fchrt.<\/p>\n\n\n\n<p><strong>7. Recht auf Beschwerde bei einer Aufsichtsbeh\u00f6rde<\/strong><\/p>\n\n\n\n<p>Sie&nbsp;k\u00f6n\u00adnen&nbsp;sich jederzeit mit allen&nbsp;Fra\u00adgen&nbsp;zum&nbsp;Daten\u00adschutz&nbsp;und um sich zu beschweren an eine Datenschutzaufsichtsbeh\u00f6rde wenden. Zust\u00e4ndig ist in unserem Fall die Landesbeauftragte f\u00fcr&nbsp;Daten\u00adschutz&nbsp;und Informationsfreiheit in Nordrhein-Westfalen.<\/p>\n\n\n\n<p>Bitte beachten Sie, dass diese Datenschutzerkl\u00e4rung nicht f\u00fcr alle Teile des Internetauftritts der TU&nbsp;Dort\u00admund&nbsp;gilt.<\/p>\n\n\n\n<p><strong>Name und Anschrift des Verantwortlichen<\/strong><\/p>\n\n\n\n<p>Der&nbsp;Ver\u00adant\u00adwort\u00adli\u00adche&nbsp;im Sinne der&nbsp;Daten\u00adschutz-Grundverordnung und anderer nationaler Datenschutzgesetze der&nbsp;Mit\u00adglieds\u00adstaaten&nbsp;so\u00adwie&nbsp;sonstiger datenschutzrechtlicher Bestimmungen ist die:<\/p>\n\n\n\n<p>TU&nbsp;Dort\u00admund<br>Der Rektor<br>Technische&nbsp;Uni\u00adver\u00adsi\u00adt\u00e4t&nbsp;Dort\u00admund<br>Au\u00adgust-Schmidt-Stra\u00dfe 4<br>44227&nbsp;Dort\u00admund&nbsp;<br>Telefon: 0231 755-1<\/p>\n","protected":false},"excerpt":{"rendered":"<p>Allgemeine Vorbemerkungen Die TU&nbsp;Dort\u00admund&nbsp;und ihr IT und&nbsp;Me\u00addi\u00aden&nbsp;Centrum (ITMC) der Technischen&nbsp;Uni\u00adver\u00adsi\u00adt\u00e4t&nbsp;Dort\u00admund&nbsp;nehmen den Schutz von personenbezogenen Daten sehr ernst. Wir&nbsp;ver\u00adar\u00adbei\u00adten&nbsp;personenbezogene Daten, die beim Besuch unserer&nbsp;Web\u00adseiten&nbsp;erhoben&nbsp;wer\u00adden, unter Beachtung der geltenden&nbsp;daten\u00adschutz\u00adrecht\u00adlichen&nbsp;Bestimmungen. Es gelten&nbsp;ins\u00adbe\u00adson\u00adde\u00adre&nbsp;das Datenschutzgesetz NRW (DSG NRW), die Datenschutzgrundverordnung (DSGVO) und das Telemediengesetz. Kon\u00adtakt\u00adda\u00adten&nbsp;des Datenschutzbeauftragten Der Datenschutzbeauftragte des Verantwortlichen ist erreichbar unter:datenschutzbeauftragtertu-dortmund.de TU&nbsp;Dort\u00admundDatenschutzbeauftragterAu\u00adgust-Schmidt-Str. 444227&nbsp;Dort\u00admundTelefon: 0231 755-2593E-Mail senden I Umfang&hellip;&nbsp;<a href=\"https:\/\/kunst-tutorials.kmst.tu-dortmund.de\/?page_id=3\" class=\"\" rel=\"bookmark\">Weiterlesen &raquo;<span class=\"screen-reader-text\">Datenschutzerkl\u00e4rung<\/span><\/a><\/p>\n","protected":false},"author":1,"featured_media":0,"parent":0,"menu_order":4,"comment_status":"closed","ping_status":"open","template":"","meta":{"neve_meta_sidebar":"","neve_meta_container":"","neve_meta_enable_content_width":"","neve_meta_content_width":0,"neve_meta_title_alignment":"","neve_meta_author_avatar":"","neve_post_elements_order":"","neve_meta_disable_header":"","neve_meta_disable_footer":"","neve_meta_disable_title":"","_themeisle_gutenberg_block_has_review":false,"_ti_tpc_template_sync":false,"_ti_tpc_template_id":""},"_links":{"self":[{"href":"https:\/\/kunst-tutorials.kmst.tu-dortmund.de\/index.php?rest_route=\/wp\/v2\/pages\/3"}],"collection":[{"href":"https:\/\/kunst-tutorials.kmst.tu-dortmund.de\/index.php?rest_route=\/wp\/v2\/pages"}],"about":[{"href":"https:\/\/kunst-tutorials.kmst.tu-dortmund.de\/index.php?rest_route=\/wp\/v2\/types\/page"}],"author":[{"embeddable":true,"href":"https:\/\/kunst-tutorials.kmst.tu-dortmund.de\/index.php?rest_route=\/wp\/v2\/users\/1"}],"replies":[{"embeddable":true,"href":"https:\/\/kunst-tutorials.kmst.tu-dortmund.de\/index.php?rest_route=%2Fwp%2Fv2%2Fcomments&post=3"}],"version-history":[{"count":9,"href":"https:\/\/kunst-tutorials.kmst.tu-dortmund.de\/index.php?rest_route=\/wp\/v2\/pages\/3\/revisions"}],"predecessor-version":[{"id":1943,"href":"https:\/\/kunst-tutorials.kmst.tu-dortmund.de\/index.php?rest_route=\/wp\/v2\/pages\/3\/revisions\/1943"}],"wp:attachment":[{"href":"https:\/\/kunst-tutorials.kmst.tu-dortmund.de\/index.php?rest_route=%2Fwp%2Fv2%2Fmedia&parent=3"}],"curies":[{"name":"wp","href":"https:\/\/api.w.org\/{rel}","templated":true}]}}